{"id":115,"date":"2025-03-05T13:04:54","date_gmt":"2025-03-05T13:04:54","guid":{"rendered":"https:\/\/belabs.com.br\/cart-2\/"},"modified":"2025-04-05T00:52:34","modified_gmt":"2025-04-05T00:52:34","slug":"cart-2","status":"publish","type":"page","link":"https:\/\/belabs.com.br\/?page_id=115","title":{"rendered":"Mentoras Selecionadas"},"content":{"rendered":"\t\t<div data-elementor-type=\"wp-page\" data-elementor-id=\"115\" class=\"elementor elementor-115\">\n\t\t\t\t\t\t<section class=\"elementor-section elementor-top-section elementor-element elementor-element-396521f elementor-section-content-middle elementor-section-stretched elementor-section-full_width elementor-section-height-default elementor-section-height-default wpr-particle-no wpr-jarallax-no wpr-parallax-no wpr-sticky-section-no wpr-equal-height-no\" data-id=\"396521f\" data-element_type=\"section\" data-e-type=\"section\" data-settings=\"{&quot;stretch_section&quot;:&quot;section-stretched&quot;,&quot;background_background&quot;:&quot;classic&quot;}\">\n\t\t\t\t\t\t<div class=\"elementor-container elementor-column-gap-no\">\n\t\t\t\t\t<div class=\"elementor-column elementor-col-100 elementor-top-column elementor-element elementor-element-1284895\" data-id=\"1284895\" data-element_type=\"column\" data-e-type=\"column\">\n\t\t\t<div class=\"elementor-widget-wrap elementor-element-populated\">\n\t\t\t\t\t\t<section class=\"elementor-section elementor-inner-section elementor-element elementor-element-8048cf4 elementor-section-boxed elementor-section-height-default elementor-section-height-default wpr-particle-no wpr-jarallax-no wpr-parallax-no wpr-sticky-section-no wpr-equal-height-no\" data-id=\"8048cf4\" data-element_type=\"section\" data-e-type=\"section\">\n\t\t\t\t\t\t<div class=\"elementor-container elementor-column-gap-no\">\n\t\t\t\t\t<div class=\"elementor-column elementor-col-100 elementor-inner-column elementor-element elementor-element-c862bc6\" data-id=\"c862bc6\" data-element_type=\"column\" data-e-type=\"column\">\n\t\t\t<div class=\"elementor-widget-wrap elementor-element-populated\">\n\t\t\t\t\t\t<div class=\"elementor-element elementor-element-e6cfdd6 elementor-widget elementor-widget-eael-woo-cart\" data-id=\"e6cfdd6\" data-element_type=\"widget\" data-e-type=\"widget\" data-settings=\"{&quot;eael_woo_cart_components_continue_shopping_icon&quot;:{&quot;value&quot;:&quot;fas fa-arrow-left&quot;,&quot;library&quot;:&quot;fa-solid&quot;},&quot;eael_woo_cart_table_components_remove_icon&quot;:{&quot;value&quot;:&quot;fas fa-times&quot;,&quot;library&quot;:&quot;fa-solid&quot;}}\" data-widget_type=\"eael-woo-cart.default\">\n\t\t\t\t<div class=\"elementor-widget-container\">\n\t\t\t\t\t\t\t\t\t<div class=\"eael-woo-cart-wrapper eael-woo-cart-empty eael-woo-style-2 eael-auto-update33\">\n\t\t\t\t<div class=\"woocommerce-notices-wrapper\"><\/div><div class=\"wc-empty-cart-message\">\n\t<div class=\"cart-empty woocommerce-info\">\n\t\tVoc\u00ea n\u00e3o selecionou nenhuma mentoria\t<\/div>\n<\/div>                <\/div>\n\t\t\t\t        <script>document.body.classList.add(\"eael-woo-cart\");<\/script>\n\t\t\t\t\t\t<\/div>\n\t\t\t\t<\/div>\n\t\t\t\t\t<\/div>\n\t\t<\/div>\n\t\t\t\t\t<\/div>\n\t\t<\/section>\n\t\t\t\t\t<\/div>\n\t\t<\/div>\n\t\t\t\t\t<\/div>\n\t\t<\/section>\n\t\t<div class=\"elementor-element elementor-element-643eda7 e-flex e-con-boxed wpr-particle-no wpr-jarallax-no wpr-parallax-no wpr-sticky-section-no wpr-equal-height-no e-con e-parent\" data-id=\"643eda7\" data-element_type=\"container\" data-e-type=\"container\">\n\t\t\t\t\t<div class=\"e-con-inner\">\n\t\t\t\t<div class=\"elementor-element elementor-element-f1503ac eael-product-list-column-2 elementor-widget elementor-widget-eicon-woocommerce\" data-id=\"f1503ac\" data-element_type=\"widget\" data-e-type=\"widget\" data-widget_type=\"eicon-woocommerce.default\">\n\t\t\t\t<div class=\"elementor-widget-container\">\n\t\t\t\t\t\n        <div class=\"eael-product-grid  list\" id=\"eael-product-grid\" data-widget-id=\"f1503ac\" data-page-id=\"115\" data-nonce=\"120715ce1c\" >\n            <div class=\"woocommerce\">\n                <ul class=\"products eael-post-appender eael-post-appender-f1503ac\" data-ssi-desktop=\"no\" data-ssi-tablet=\"no\" data-ssi-mobile=\"no\" data-layout-mode=\"list\"><li class=\"product  eael-product-list-preset-1\">\n    <div class=\"eael-product-wrap\">\n        <div class=\"product-image-wrap\">\n            <div class=\"image-wrap\">\n                <img fetchpriority=\"high\" decoding=\"async\" width=\"300\" height=\"200\" src=\"https:\/\/belabs.com.br\/wp-content\/uploads\/2025\/06\/Imagem-do-WhatsApp-de-2025-06-03-as-10.08.08_e98c45e3-300x200.jpg\" class=\"attachment-medium size-medium\" alt=\"Deuzemar Ferreira\" loading=\"eager\" srcset=\"https:\/\/belabs.com.br\/wp-content\/uploads\/2025\/06\/Imagem-do-WhatsApp-de-2025-06-03-as-10.08.08_e98c45e3-300x200.jpg 300w, https:\/\/belabs.com.br\/wp-content\/uploads\/2025\/06\/Imagem-do-WhatsApp-de-2025-06-03-as-10.08.08_e98c45e3-1024x683.jpg 1024w, https:\/\/belabs.com.br\/wp-content\/uploads\/2025\/06\/Imagem-do-WhatsApp-de-2025-06-03-as-10.08.08_e98c45e3-768x512.jpg 768w, https:\/\/belabs.com.br\/wp-content\/uploads\/2025\/06\/Imagem-do-WhatsApp-de-2025-06-03-as-10.08.08_e98c45e3-1536x1024.jpg 1536w, https:\/\/belabs.com.br\/wp-content\/uploads\/2025\/06\/Imagem-do-WhatsApp-de-2025-06-03-as-10.08.08_e98c45e3-2048x1365.jpg 2048w, https:\/\/belabs.com.br\/wp-content\/uploads\/2025\/06\/Imagem-do-WhatsApp-de-2025-06-03-as-10.08.08_e98c45e3-64x43.jpg 64w\" sizes=\"(max-width: 300px) 100vw, 300px\" \/>            <\/div>\n        <\/div>\n        <div class=\"product-details-wrap\">\n            <div class=\"eael-product-title\">\n                                <a href=\"https:\/\/belabs.com.br\/?product=deuzemar-ferreira\" class=\"woocommerce-LoopProduct-link woocommerce-loop-product__link\"><h1 class=\"woocommerce-loop-product__title\">Deuzemar Ferreira<\/h1><\/a><\/div><div class=\"eael-product-price\"><span class=\"woocommerce-Price-amount amount\"><span class=\"woocommerce-Price-currencySymbol\">&#082;&#036;<\/span>160.00<\/span><\/div><div class=\"eael-star-rating star-rating\"><span style=\"width:0%\">Avalia\u00e7\u00e3o <strong class=\"rating\">0<\/strong> de 5<\/span><\/div><div class=\"eael-product-excerpt\">\n                <p>Especialidades: Constru\u00e7\u00e3o de metas e objetivos, Habilidades empreendedora, Planejamento estrat\u00e9gico,...<\/p><\/div>\n            <ul class=\"icons-wrap details-block-style\">\n                                <li class=\"add-to-cart\"><a href=\"\/index.php?rest_route=%2Fwp%2Fv2%2Fpages%2F115&#038;add-to-cart=957\" aria-describedby=\"woocommerce_loop_add_to_cart_link_describedby_957\" data-quantity=\"1\" class=\"button product_type_simple add_to_cart_button ajax_add_to_cart\" data-product_id=\"957\" data-product_sku=\"\" aria-label=\"Adicione ao carrinho: &ldquo;Deuzemar Ferreira&rdquo;\" rel=\"nofollow\" data-success_message=\"\u201cDeuzemar Ferreira\u201d foi adicionado ao seu carrinho\" role=\"button\">selecionar mentora<\/a>\t<span id=\"woocommerce_loop_add_to_cart_link_describedby_957\" class=\"screen-reader-text\">\n\t\t\t<\/span>\n<\/li>\n\n                                                    <li class=\"eael-product-quick-view\">\n                        <a id=\"eael_quick_view_69f2d01f30aee\" data-quickview-setting=\"{&quot;widget_id&quot;:&quot;f1503ac&quot;,&quot;product_id&quot;:957,&quot;page_id&quot;:115}\"\n                            class=\"eael-product-grid-open-popup open-popup-link\">\n                            <i class=\"fas fa-eye\"><\/i>\n                        <\/a>\n                    <\/li>\n                            <\/ul>\n                    <\/div>\n    <\/div>\n<\/li><li class=\"product  eael-product-list-preset-1\">\n    <div class=\"eael-product-wrap\">\n        <div class=\"product-image-wrap\">\n            <div class=\"image-wrap\">\n                <img decoding=\"async\" width=\"219\" height=\"300\" src=\"https:\/\/belabs.com.br\/wp-content\/uploads\/2025\/04\/Captura-de-tela-2025-04-01-143241-219x300.png\" class=\"attachment-medium size-medium\" alt=\"Marcela Fujiy\" loading=\"eager\" srcset=\"https:\/\/belabs.com.br\/wp-content\/uploads\/2025\/04\/Captura-de-tela-2025-04-01-143241-219x300.png 219w, https:\/\/belabs.com.br\/wp-content\/uploads\/2025\/04\/Captura-de-tela-2025-04-01-143241.png 289w\" sizes=\"(max-width: 219px) 100vw, 219px\" \/>            <\/div>\n        <\/div>\n        <div class=\"product-details-wrap\">\n            <div class=\"eael-product-title\">\n                                <a href=\"https:\/\/belabs.com.br\/?product=marcela-fujiy\" class=\"woocommerce-LoopProduct-link woocommerce-loop-product__link\"><h1 class=\"woocommerce-loop-product__title\">Marcela Fujiy<\/h1><\/a><\/div><div class=\"eael-product-price\"><span class=\"woocommerce-Price-amount amount\"><span class=\"woocommerce-Price-currencySymbol\">&#082;&#036;<\/span>160.00<\/span><\/div><div class=\"eael-star-rating star-rating\"><span style=\"width:0%\">Avalia\u00e7\u00e3o <strong class=\"rating\">0<\/strong> de 5<\/span><\/div><div class=\"eael-product-excerpt\">\n                <p>Especialidades: Constru\u00e7\u00e3o de metas e objetivos, Habilidades empreendedora, Pitch, Planejamento...<\/p><\/div>\n            <ul class=\"icons-wrap details-block-style\">\n                                <li class=\"add-to-cart\"><a href=\"\/index.php?rest_route=%2Fwp%2Fv2%2Fpages%2F115&#038;add-to-cart=814\" aria-describedby=\"woocommerce_loop_add_to_cart_link_describedby_814\" data-quantity=\"1\" class=\"button product_type_simple add_to_cart_button ajax_add_to_cart\" data-product_id=\"814\" data-product_sku=\"\" aria-label=\"Adicione ao carrinho: &ldquo;Marcela Fujiy&rdquo;\" rel=\"nofollow\" data-success_message=\"\u201cMarcela Fujiy\u201d foi adicionado ao seu carrinho\" role=\"button\">selecionar mentora<\/a>\t<span id=\"woocommerce_loop_add_to_cart_link_describedby_814\" class=\"screen-reader-text\">\n\t\t\t<\/span>\n<\/li>\n\n                                                    <li class=\"eael-product-quick-view\">\n                        <a id=\"eael_quick_view_69f2d01f311fd\" data-quickview-setting=\"{&quot;widget_id&quot;:&quot;f1503ac&quot;,&quot;product_id&quot;:814,&quot;page_id&quot;:115}\"\n                            class=\"eael-product-grid-open-popup open-popup-link\">\n                            <i class=\"fas fa-eye\"><\/i>\n                        <\/a>\n                    <\/li>\n                            <\/ul>\n                    <\/div>\n    <\/div>\n<\/li><li class=\"product  eael-product-list-preset-1\">\n    <div class=\"eael-product-wrap\">\n        <div class=\"product-image-wrap\">\n            <div class=\"image-wrap\">\n                <img decoding=\"async\" width=\"300\" height=\"289\" src=\"https:\/\/belabs.com.br\/wp-content\/uploads\/2025\/03\/image-7-300x289.png\" class=\"attachment-medium size-medium\" alt=\"Christian Fujiy\" loading=\"eager\" srcset=\"https:\/\/belabs.com.br\/wp-content\/uploads\/2025\/03\/image-7-300x289.png 300w, https:\/\/belabs.com.br\/wp-content\/uploads\/2025\/03\/image-7.png 306w\" sizes=\"(max-width: 300px) 100vw, 300px\" \/>            <\/div>\n        <\/div>\n        <div class=\"product-details-wrap\">\n            <div class=\"eael-product-title\">\n                                <a href=\"https:\/\/belabs.com.br\/?product=christian-fujiy\" class=\"woocommerce-LoopProduct-link woocommerce-loop-product__link\"><h1 class=\"woocommerce-loop-product__title\">Christian Fujiy<\/h1><\/a><\/div><div class=\"eael-product-price\"><span class=\"woocommerce-Price-amount amount\"><span class=\"woocommerce-Price-currencySymbol\">&#082;&#036;<\/span>160.00<\/span><\/div><div class=\"eael-star-rating star-rating\"><span style=\"width:0%\">Avalia\u00e7\u00e3o <strong class=\"rating\">0<\/strong> de 5<\/span><\/div><div class=\"eael-product-excerpt\">\n                <p>Especialidades: Capta\u00e7\u00e3o de recursos, Constru\u00e7\u00e3o de metas e objetivos, Habilidades...<\/p><\/div>\n            <ul class=\"icons-wrap details-block-style\">\n                                <li class=\"add-to-cart\"><a href=\"\/index.php?rest_route=%2Fwp%2Fv2%2Fpages%2F115&#038;add-to-cart=796\" aria-describedby=\"woocommerce_loop_add_to_cart_link_describedby_796\" data-quantity=\"1\" class=\"button product_type_simple add_to_cart_button ajax_add_to_cart\" data-product_id=\"796\" data-product_sku=\"\" aria-label=\"Adicione ao carrinho: &ldquo;Christian Fujiy&rdquo;\" rel=\"nofollow\" data-success_message=\"\u201cChristian Fujiy\u201d foi adicionado ao seu carrinho\" role=\"button\">selecionar mentora<\/a>\t<span id=\"woocommerce_loop_add_to_cart_link_describedby_796\" class=\"screen-reader-text\">\n\t\t\t<\/span>\n<\/li>\n\n                                                    <li class=\"eael-product-quick-view\">\n                        <a id=\"eael_quick_view_69f2d01f318d1\" data-quickview-setting=\"{&quot;widget_id&quot;:&quot;f1503ac&quot;,&quot;product_id&quot;:796,&quot;page_id&quot;:115}\"\n                            class=\"eael-product-grid-open-popup open-popup-link\">\n                            <i class=\"fas fa-eye\"><\/i>\n                        <\/a>\n                    <\/li>\n                            <\/ul>\n                    <\/div>\n    <\/div>\n<\/li><li class=\"product  eael-product-list-preset-1\">\n    <div class=\"eael-product-wrap\">\n        <div class=\"product-image-wrap\">\n            <div class=\"image-wrap\">\n                <img decoding=\"async\" width=\"253\" height=\"300\" src=\"https:\/\/belabs.com.br\/wp-content\/uploads\/2025\/03\/gizelle-gizelle-reis-253x300.jpeg\" class=\"attachment-medium size-medium\" alt=\"Gizelle Reis\" loading=\"eager\" srcset=\"https:\/\/belabs.com.br\/wp-content\/uploads\/2025\/03\/gizelle-gizelle-reis-253x300.jpeg 253w, https:\/\/belabs.com.br\/wp-content\/uploads\/2025\/03\/gizelle-gizelle-reis-862x1024.jpeg 862w, https:\/\/belabs.com.br\/wp-content\/uploads\/2025\/03\/gizelle-gizelle-reis-768x912.jpeg 768w, https:\/\/belabs.com.br\/wp-content\/uploads\/2025\/03\/gizelle-gizelle-reis-300x356.jpeg 300w, https:\/\/belabs.com.br\/wp-content\/uploads\/2025\/03\/gizelle-gizelle-reis.jpeg 1078w\" sizes=\"(max-width: 253px) 100vw, 253px\" \/>            <\/div>\n        <\/div>\n        <div class=\"product-details-wrap\">\n            <div class=\"eael-product-title\">\n                                <a href=\"https:\/\/belabs.com.br\/?product=gizelle-reis\" class=\"woocommerce-LoopProduct-link woocommerce-loop-product__link\"><h1 class=\"woocommerce-loop-product__title\">Gizelle Reis<\/h1><\/a><\/div><div class=\"eael-product-price\"><span class=\"woocommerce-Price-amount amount\"><span class=\"woocommerce-Price-currencySymbol\">&#082;&#036;<\/span>160.00<\/span><\/div><div class=\"eael-star-rating star-rating\"><span style=\"width:0%\">Avalia\u00e7\u00e3o <strong class=\"rating\">0<\/strong> de 5<\/span><\/div><div class=\"eael-product-excerpt\">\n                <p>Especialidades: Branding, ESG, Marketing digital, Planejamento de marketing, Planejamento estrat\u00e9gico,...<\/p><\/div>\n            <ul class=\"icons-wrap details-block-style\">\n                                <li class=\"add-to-cart\"><a href=\"\/index.php?rest_route=%2Fwp%2Fv2%2Fpages%2F115&#038;add-to-cart=476\" aria-describedby=\"woocommerce_loop_add_to_cart_link_describedby_476\" data-quantity=\"1\" class=\"button product_type_simple add_to_cart_button ajax_add_to_cart\" data-product_id=\"476\" data-product_sku=\"\" aria-label=\"Adicione ao carrinho: &ldquo;Gizelle Reis&rdquo;\" rel=\"nofollow\" data-success_message=\"\u201cGizelle Reis\u201d foi adicionado ao seu carrinho\" role=\"button\">selecionar mentora<\/a>\t<span id=\"woocommerce_loop_add_to_cart_link_describedby_476\" class=\"screen-reader-text\">\n\t\t\t<\/span>\n<\/li>\n\n                                                    <li class=\"eael-product-quick-view\">\n                        <a id=\"eael_quick_view_69f2d01f32009\" data-quickview-setting=\"{&quot;widget_id&quot;:&quot;f1503ac&quot;,&quot;product_id&quot;:476,&quot;page_id&quot;:115}\"\n                            class=\"eael-product-grid-open-popup open-popup-link\">\n                            <i class=\"fas fa-eye\"><\/i>\n                        <\/a>\n                    <\/li>\n                            <\/ul>\n                    <\/div>\n    <\/div>\n<\/li><\/ul>            <div class=\"eael-load-more-button-wrap eael-force-hide\">\n                <button class=\"eael-load-more-button\" id=\"eael-load-more-btn-f1503ac\" data-widget-id=\"f1503ac\" data-widget=\"f1503ac\" data-page-id=\"115\" data-template=\"{&quot;dir&quot;:&quot;lite&quot;,&quot;file_name&quot;:&quot;list-preset-1.php&quot;,&quot;name&quot;:&quot;Eicon-Woocommerce&quot;}\" data-class=\"Essential_Addons_Elementor\\Elements\\Product_Grid\" data-layout=\"list\" data-page=\"1\" data-args=\"post_type=product&amp;post_status%5B0%5D=publish&amp;post_status%5B1%5D=pending&amp;post_status%5B2%5D=future&amp;posts_per_page=4&amp;order=desc&amp;offset=0&amp;tax_query%5Brelation%5D=AND&amp;tax_query%5B0%5D%5Btaxonomy%5D=product_visibility&amp;tax_query%5B0%5D%5Bfield%5D=name&amp;tax_query%5B0%5D%5Bterms%5D%5B0%5D=exclude-from-search&amp;tax_query%5B0%5D%5Bterms%5D%5B1%5D=exclude-from-catalog&amp;tax_query%5B0%5D%5Boperator%5D=NOT+IN&amp;meta_query%5Brelation%5D=AND&amp;meta_query%5B0%5D%5Bkey%5D=_stock_status&amp;meta_query%5B0%5D%5Bvalue%5D=instock&amp;orderby=date&amp;total_post=24\" data-max-page=\"6\">\n                    <span class=\"eael-btn-loader button__loader\"><\/span>\n                    <span class=\"eael_load_more_text\"><\/span>\n                <\/button>\n            <\/div>\n                        <\/div>\n        <\/div>\n\n        <script type=\"text\/javascript\">\n            jQuery(document).ready(function($) {\n                var $scope = jQuery(\".elementor-element-f1503ac\");\n                var $products = $('.products', $scope);\n                var $layout_mode = $products.data('layout-mode');\n                \n                if ( $layout_mode === 'masonry' ) {\n                    \/\/ init isotope\n                    var $isotope_products = $products.isotope({\n                        itemSelector: \"li.product\",\n                        layoutMode: $layout_mode,\n                        percentPosition: true\n                    });\n\n                    $isotope_products.imagesLoaded().progress( function() {\n                        $isotope_products.isotope('layout');\n                    })\n                    \n                }\n            });\n        <\/script>\n        \t\t\t\t<\/div>\n\t\t\t\t<\/div>\n\t\t\t\t\t<\/div>\n\t\t\t\t<\/div>\n\t\t<div class=\"elementor-element elementor-element-86c892c e-flex e-con-boxed wpr-particle-no wpr-jarallax-no wpr-parallax-no wpr-sticky-section-no wpr-equal-height-no e-con e-parent\" data-id=\"86c892c\" data-element_type=\"container\" data-e-type=\"container\">\n\t\t\t\t\t<div class=\"e-con-inner\">\n\t\t\t\t\t<\/div>\n\t\t\t\t<\/div>\n\t\t\t\t<\/div>\n\t\t","protected":false},"excerpt":{"rendered":"<p>Mentorias Pre\u00e7o Quantidade Subtotal Elen Toledo &#82;&#36;160.00 1 &#82;&#36;160.00 Moema Mesquita da Silva Braga &#82;&#36;160.00 1 &#82;&#36;160.00 Tereza Furtado &#82;&#36;160.00 1 &#82;&#36;160.00 Fernanda Silva de Moraes &#82;&#36;160.00 1 &#82;&#36;160.00 Cupom: Aplicar Cupom Outras Mentorias Subtotal &#82;&#36;640.00 Total &#82;&#36;640.00 Finalizar compra Carolina Abicair &#082;&#036;160.00Avalia\u00e7\u00e3o 0 de 5 Especialidades: Finan\u00e7as, Gest\u00e3o de Pessoas, Autodesenvolvimento Forma\u00e7\u00e3o:\u00a0Ensino Superior Horas de&#8230; selecionar mentora Camila Fonseca &#082;&#036;160.00Avalia\u00e7\u00e3o 0 de 5 Especialidades: Capta\u00e7\u00e3o de recursos,\u00a0Gest\u00e3o de Pessoas, Investimentos,\u00a0 Plano de neg\u00f3cio,&#8230; selecionar mentora Dalila Gomes da Silva &#082;&#036;160.00Avalia\u00e7\u00e3o 0 de 5 Especialidades: Autodesenvolvimento, Desenvolvimento de compet\u00eancias socioemocionais, Gest\u00e3o de tempo, Habilidades&#8230; selecionar mentora La\u00edsa Aguiar &#082;&#036;160.00Avalia\u00e7\u00e3o 0 de 5 Especialidades: Capta\u00e7\u00e3o de recursos,\u00a0Constru\u00e7\u00e3o de metas e objetivos,\u00a0Habilidades empreendedora,\u00a0Pitch,\u00a0Planejamento estrat\u00e9gico,\u00a0Plano&#8230; selecionar mentora<\/p>\n","protected":false},"author":1,"featured_media":0,"parent":0,"menu_order":0,"comment_status":"closed","ping_status":"closed","template":"","meta":{"footnotes":""},"class_list":["post-115","page","type-page","status-publish","hentry"],"_links":{"self":[{"href":"https:\/\/belabs.com.br\/index.php?rest_route=\/wp\/v2\/pages\/115","targetHints":{"allow":["GET"]}}],"collection":[{"href":"https:\/\/belabs.com.br\/index.php?rest_route=\/wp\/v2\/pages"}],"about":[{"href":"https:\/\/belabs.com.br\/index.php?rest_route=\/wp\/v2\/types\/page"}],"author":[{"embeddable":true,"href":"https:\/\/belabs.com.br\/index.php?rest_route=\/wp\/v2\/users\/1"}],"replies":[{"embeddable":true,"href":"https:\/\/belabs.com.br\/index.php?rest_route=%2Fwp%2Fv2%2Fcomments&post=115"}],"version-history":[{"count":42,"href":"https:\/\/belabs.com.br\/index.php?rest_route=\/wp\/v2\/pages\/115\/revisions"}],"predecessor-version":[{"id":774,"href":"https:\/\/belabs.com.br\/index.php?rest_route=\/wp\/v2\/pages\/115\/revisions\/774"}],"wp:attachment":[{"href":"https:\/\/belabs.com.br\/index.php?rest_route=%2Fwp%2Fv2%2Fmedia&parent=115"}],"curies":[{"name":"wp","href":"https:\/\/api.w.org\/{rel}","templated":true}]}}