{"id":154,"date":"2025-03-05T13:04:56","date_gmt":"2025-03-05T13:04:56","guid":{"rendered":"http:\/\/shammi"},"modified":"2025-04-04T12:32:45","modified_gmt":"2025-04-04T12:32:45","slug":"fernanda-silva","status":"publish","type":"product","link":"https:\/\/belabs.com.br\/?product=fernanda-silva","title":{"rendered":"Fernanda Silva de Moraes"},"content":{"rendered":"<p><span data-sheets-root=\"1\">Fernanda de Moraes \u00e9 empreendedora, graduada em Economia e Especialista em Consultoria (UESC). Atuou por quase 20 anos como analista tribut\u00e1ria e atualmente \u00e9 Redatora profissional na \u00e1rea de neg\u00f3cios e finan\u00e7as. Mentora e facilitadora de neg\u00f3cios na Be.Labs.<br \/>\n<strong><a href=\"https:\/\/www.linkedin.com\/in\/fernanda-de-moraes-26698246\/\">https:\/\/www.linkedin.com\/in\/fernanda-de-moraes-26698246\/<\/a><\/strong><\/span><\/p>\n","protected":false},"excerpt":{"rendered":"<p><strong>Especialidades: <\/strong>Autodesenvolvimento, Constru\u00e7\u00e3o de metas e objetivos, ESG, Finan\u00e7as, Habilidades empreendedora, Investimentos, Plano de neg\u00f3cio, Precifica\u00e7\u00e3o. Pitch, MVP<br \/>\n<strong>Forma\u00e7\u00e3o: <\/strong>P\u00f3s-gradua\u00e7\u00e3o\/ MBA<\/p>\n<p><strong>Horas de mentorias: <\/strong>180 horas<\/p>\n","protected":false},"featured_media":611,"comment_status":"open","ping_status":"closed","template":"","meta":[],"product_brand":[],"product_cat":[19],"product_tag":[47,32,33,26,46,48,28,45],"class_list":{"0":"post-154","1":"product","2":"type-product","3":"status-publish","4":"has-post-thumbnail","6":"product_cat-loja","7":"product_tag-autodesenvolvimento","8":"product_tag-construcao-de-metas-e-objetivos","9":"product_tag-esg","10":"product_tag-financas","11":"product_tag-habilidades-empreendedora","12":"product_tag-investimentos","13":"product_tag-plano-de-negocio","14":"product_tag-precificacao","16":"first","17":"instock","18":"downloadable","19":"virtual","20":"purchasable","21":"product-type-simple"},"_links":{"self":[{"href":"https:\/\/belabs.com.br\/index.php?rest_route=\/wp\/v2\/product\/154","targetHints":{"allow":["GET"]}}],"collection":[{"href":"https:\/\/belabs.com.br\/index.php?rest_route=\/wp\/v2\/product"}],"about":[{"href":"https:\/\/belabs.com.br\/index.php?rest_route=\/wp\/v2\/types\/product"}],"replies":[{"embeddable":true,"href":"https:\/\/belabs.com.br\/index.php?rest_route=%2Fwp%2Fv2%2Fcomments&post=154"}],"wp:featuredmedia":[{"embeddable":true,"href":"https:\/\/belabs.com.br\/index.php?rest_route=\/wp\/v2\/media\/611"}],"wp:attachment":[{"href":"https:\/\/belabs.com.br\/index.php?rest_route=%2Fwp%2Fv2%2Fmedia&parent=154"}],"wp:term":[{"taxonomy":"product_brand","embeddable":true,"href":"https:\/\/belabs.com.br\/index.php?rest_route=%2Fwp%2Fv2%2Fproduct_brand&post=154"},{"taxonomy":"product_cat","embeddable":true,"href":"https:\/\/belabs.com.br\/index.php?rest_route=%2Fwp%2Fv2%2Fproduct_cat&post=154"},{"taxonomy":"product_tag","embeddable":true,"href":"https:\/\/belabs.com.br\/index.php?rest_route=%2Fwp%2Fv2%2Fproduct_tag&post=154"}],"curies":[{"name":"wp","href":"https:\/\/api.w.org\/{rel}","templated":true}]}}