{"id":157,"date":"2025-03-05T13:04:56","date_gmt":"2025-03-05T13:04:56","guid":{"rendered":"http:\/\/shammi"},"modified":"2025-04-04T12:31:52","modified_gmt":"2025-04-04T12:31:52","slug":"elen-toledo","status":"publish","type":"product","link":"https:\/\/belabs.com.br\/?product=elen-toledo","title":{"rendered":"Elen Toledo"},"content":{"rendered":"<p><strong>Elen Toledo \u00e9 contadora graduada pela Universidade Federal de Alagoas e possui vasta experi\u00eancia no setor p\u00fablico e privado. Tecn\u00f3loga em Marketing pela Universidade Est\u00e1cio de S\u00e1, P\u00f3s graduada em Administra\u00e7\u00e3o de Empresas pela FGV e em Gest\u00e3o \u00c1gil, Projetos e Inova\u00e7\u00e3o pela Conquer. Fundadora da Conta Mestra, escrit\u00f3rio cont\u00e1bil e de BPO financeiro focado em micro e pequenas empresas. Tamb\u00e9m atua como palestrante e mentora de neg\u00f3cios femininos, compondo o time da Be Labs e como multiplicadora no Instituto Rede Mulher Empreendedora. CFO do Portal Euf\u00eamea.<br \/>\n<a href=\"https:\/\/www.linkedin.com\/in\/elentoledo\/\">https:\/\/www.linkedin.com\/in\/elentoledo\/<\/a><\/strong><\/p>\n","protected":false},"excerpt":{"rendered":"<p><strong>Especialidades: <\/strong>Constru\u00e7\u00e3o de metas e objetivos, Contabilidade, Finan\u00e7as, Gest\u00e3o de tempo, Habilidades empreendedora, Jur\u00eddico, Planejamento estrat\u00e9gico, Plano de neg\u00f3cio, Precifica\u00e7\u00e3o, MVP<br \/>\n<strong>Forma\u00e7\u00e3o:\u00a0<\/strong><span data-sheets-root=\"1\">P\u00f3s-gradua\u00e7\u00e3o\/ MBA\u00a0<\/span><\/p>\n<p><strong>Horas de mentorias:\u00a0<\/strong>+<span data-sheets-root=\"1\">485h<\/span><\/p>\n","protected":false},"featured_media":610,"comment_status":"open","ping_status":"closed","template":"","meta":[],"product_brand":[],"product_cat":[62,19],"product_tag":[32,49,26,50,46,51,25,28,45],"class_list":{"0":"post-157","1":"product","2":"type-product","3":"status-publish","4":"has-post-thumbnail","6":"product_cat-ctb","7":"product_cat-loja","8":"product_tag-construcao-de-metas-e-objetivos","9":"product_tag-contabilidade","10":"product_tag-financas","11":"product_tag-gestao-de-tempo","12":"product_tag-habilidades-empreendedora","13":"product_tag-juridico","14":"product_tag-planejamento-estrategico","15":"product_tag-plano-de-negocio","16":"product_tag-precificacao","18":"first","19":"instock","20":"downloadable","21":"virtual","22":"purchasable","23":"product-type-simple"},"_links":{"self":[{"href":"https:\/\/belabs.com.br\/index.php?rest_route=\/wp\/v2\/product\/157","targetHints":{"allow":["GET"]}}],"collection":[{"href":"https:\/\/belabs.com.br\/index.php?rest_route=\/wp\/v2\/product"}],"about":[{"href":"https:\/\/belabs.com.br\/index.php?rest_route=\/wp\/v2\/types\/product"}],"replies":[{"embeddable":true,"href":"https:\/\/belabs.com.br\/index.php?rest_route=%2Fwp%2Fv2%2Fcomments&post=157"}],"wp:featuredmedia":[{"embeddable":true,"href":"https:\/\/belabs.com.br\/index.php?rest_route=\/wp\/v2\/media\/610"}],"wp:attachment":[{"href":"https:\/\/belabs.com.br\/index.php?rest_route=%2Fwp%2Fv2%2Fmedia&parent=157"}],"wp:term":[{"taxonomy":"product_brand","embeddable":true,"href":"https:\/\/belabs.com.br\/index.php?rest_route=%2Fwp%2Fv2%2Fproduct_brand&post=157"},{"taxonomy":"product_cat","embeddable":true,"href":"https:\/\/belabs.com.br\/index.php?rest_route=%2Fwp%2Fv2%2Fproduct_cat&post=157"},{"taxonomy":"product_tag","embeddable":true,"href":"https:\/\/belabs.com.br\/index.php?rest_route=%2Fwp%2Fv2%2Fproduct_tag&post=157"}],"curies":[{"name":"wp","href":"https:\/\/api.w.org\/{rel}","templated":true}]}}