{"id":174,"date":"2025-03-05T13:05:00","date_gmt":"2025-03-05T13:05:00","guid":{"rendered":"http:\/\/shammi"},"modified":"2025-05-14T10:24:13","modified_gmt":"2025-05-14T10:24:13","slug":"lais-sousa","status":"publish","type":"product","link":"https:\/\/belabs.com.br\/?product=lais-sousa","title":{"rendered":"La\u00eds Sousa"},"content":{"rendered":"<p><span data-sheets-root=\"1\">Estrategista criativa e apaixonada por ajudar empreendedoras a descomplicarem o caos e brilharem no digital! Comunic\u00f3loga por forma\u00e7\u00e3o, especialista em planejar e transformar ideias em a\u00e7\u00f5es pr\u00e1ticas que geram resultados incr\u00edveis. Com experi\u00eancia em criar estrat\u00e9gias que conectam marcas \u00e0 ess\u00eancia de seus neg\u00f3cios, minhas mentorias s\u00e3o o mix perfeito de organiza\u00e7\u00e3o e criatividade. Quer planejar, atrair, engajar e encantar com autenticidade? Vamos l\u00e1!<br \/>\n<a href=\"https:\/\/www.linkedin.com\/in\/laissousa\/\">https:\/\/www.linkedin.com\/in\/laissousa\/<\/a><\/span><\/p>\n","protected":false},"excerpt":{"rendered":"<p><strong>Especialidades:<\/strong> Branding,\u00a0Jornada do cliente,\u00a0Marca pessoal,\u00a0Marketing digital,\u00a0Planejamento de marketing,\u00a0Planejamento estrat\u00e9gico. Pitch<br \/>\n<strong>Forma\u00e7\u00e3o:<\/strong> <span data-sheets-root=\"1\">Mestrado\u00a0 \u00a0<\/span><\/p>\n<p><span data-sheets-root=\"1\"><strong>Horas de mentorias:<\/strong> +170<\/span><\/p>\n","protected":false},"featured_media":808,"comment_status":"open","ping_status":"closed","template":"","meta":[],"product_brand":[],"product_cat":[19],"product_tag":[38,39,44,37,36,25],"class_list":{"0":"post-174","1":"product","2":"type-product","3":"status-publish","4":"has-post-thumbnail","6":"product_cat-loja","7":"product_tag-branding","8":"product_tag-jornada-do-cliente","9":"product_tag-marca-pessoal","10":"product_tag-marketing-digital","11":"product_tag-planejamento-de-marketing","12":"product_tag-planejamento-estrategico","14":"first","15":"instock","16":"downloadable","17":"virtual","18":"purchasable","19":"product-type-simple"},"_links":{"self":[{"href":"https:\/\/belabs.com.br\/index.php?rest_route=\/wp\/v2\/product\/174","targetHints":{"allow":["GET"]}}],"collection":[{"href":"https:\/\/belabs.com.br\/index.php?rest_route=\/wp\/v2\/product"}],"about":[{"href":"https:\/\/belabs.com.br\/index.php?rest_route=\/wp\/v2\/types\/product"}],"replies":[{"embeddable":true,"href":"https:\/\/belabs.com.br\/index.php?rest_route=%2Fwp%2Fv2%2Fcomments&post=174"}],"wp:featuredmedia":[{"embeddable":true,"href":"https:\/\/belabs.com.br\/index.php?rest_route=\/wp\/v2\/media\/808"}],"wp:attachment":[{"href":"https:\/\/belabs.com.br\/index.php?rest_route=%2Fwp%2Fv2%2Fmedia&parent=174"}],"wp:term":[{"taxonomy":"product_brand","embeddable":true,"href":"https:\/\/belabs.com.br\/index.php?rest_route=%2Fwp%2Fv2%2Fproduct_brand&post=174"},{"taxonomy":"product_cat","embeddable":true,"href":"https:\/\/belabs.com.br\/index.php?rest_route=%2Fwp%2Fv2%2Fproduct_cat&post=174"},{"taxonomy":"product_tag","embeddable":true,"href":"https:\/\/belabs.com.br\/index.php?rest_route=%2Fwp%2Fv2%2Fproduct_tag&post=174"}],"curies":[{"name":"wp","href":"https:\/\/api.w.org\/{rel}","templated":true}]}}