{"id":175,"date":"2025-03-05T13:05:00","date_gmt":"2025-03-05T13:05:00","guid":{"rendered":"http:\/\/shammi"},"modified":"2025-04-04T12:31:07","modified_gmt":"2025-04-04T12:31:07","slug":"gabrielle-maria","status":"publish","type":"product","link":"https:\/\/belabs.com.br\/?product=gabrielle-maria","title":{"rendered":"Gabrielle Maria de Oliveira Chagas"},"content":{"rendered":"<p><span data-sheets-root=\"1\">Doutora em Administra\u00e7\u00e3o com \u00eanfase em finan\u00e7as pela UFPE. Especialista em Neg\u00f3cios de Impacto no Parque Horizontes da Inova\u00e7\u00e3o, Mentora e Facilitadora na Belabs. Atua com cria\u00e7\u00e3o de metodologias, mensura\u00e7\u00e3o e avalia\u00e7\u00e3o de impacto e pesquisas nas \u00e1reas de finan\u00e7as, neg\u00f3cios de impacto e empreendedorismo feminino.<br \/>\n<a href=\"https:\/\/www.linkedin.com\/in\/gabrielle-chagas-ela-she-ella-b850b592\/\">https:\/\/www.linkedin.com\/in\/gabrielle-chagas-ela-she-ella-b850b592\/<\/a><\/span><\/p>\n","protected":false},"excerpt":{"rendered":"<p><strong>Especialidades:<\/strong> ESG,\u00a0Finan\u00e7as,\u00a0Pitch,\u00a0Planejamento estrat\u00e9gico,\u00a0Plano de neg\u00f3cio,\u00a0Precifica\u00e7\u00e3o, <span data-sheets-root=\"1\">Administra\u00e7\u00e3o, Pesquisas<\/span><br \/>\n<strong>Forma\u00e7\u00e3o:<\/strong> <span data-sheets-root=\"1\">Doutorado\u00a0<\/span><\/p>\n<p><strong>Horas de mentorias: <\/strong>500h<\/p>\n","protected":false},"featured_media":609,"comment_status":"open","ping_status":"closed","template":"","meta":[],"product_brand":[],"product_cat":[19],"product_tag":[33,26,30,25,28,45],"class_list":{"0":"post-175","1":"product","2":"type-product","3":"status-publish","4":"has-post-thumbnail","6":"product_cat-loja","7":"product_tag-esg","8":"product_tag-financas","9":"product_tag-pitch","10":"product_tag-planejamento-estrategico","11":"product_tag-plano-de-negocio","12":"product_tag-precificacao","14":"first","15":"instock","16":"downloadable","17":"virtual","18":"purchasable","19":"product-type-simple"},"_links":{"self":[{"href":"https:\/\/belabs.com.br\/index.php?rest_route=\/wp\/v2\/product\/175","targetHints":{"allow":["GET"]}}],"collection":[{"href":"https:\/\/belabs.com.br\/index.php?rest_route=\/wp\/v2\/product"}],"about":[{"href":"https:\/\/belabs.com.br\/index.php?rest_route=\/wp\/v2\/types\/product"}],"replies":[{"embeddable":true,"href":"https:\/\/belabs.com.br\/index.php?rest_route=%2Fwp%2Fv2%2Fcomments&post=175"}],"wp:featuredmedia":[{"embeddable":true,"href":"https:\/\/belabs.com.br\/index.php?rest_route=\/wp\/v2\/media\/609"}],"wp:attachment":[{"href":"https:\/\/belabs.com.br\/index.php?rest_route=%2Fwp%2Fv2%2Fmedia&parent=175"}],"wp:term":[{"taxonomy":"product_brand","embeddable":true,"href":"https:\/\/belabs.com.br\/index.php?rest_route=%2Fwp%2Fv2%2Fproduct_brand&post=175"},{"taxonomy":"product_cat","embeddable":true,"href":"https:\/\/belabs.com.br\/index.php?rest_route=%2Fwp%2Fv2%2Fproduct_cat&post=175"},{"taxonomy":"product_tag","embeddable":true,"href":"https:\/\/belabs.com.br\/index.php?rest_route=%2Fwp%2Fv2%2Fproduct_tag&post=175"}],"curies":[{"name":"wp","href":"https:\/\/api.w.org\/{rel}","templated":true}]}}