{"id":472,"date":"2025-03-17T20:41:16","date_gmt":"2025-03-17T20:41:16","guid":{"rendered":"https:\/\/belabs.com.br\/?post_type=product&#038;p=472"},"modified":"2025-04-04T12:27:48","modified_gmt":"2025-04-04T12:27:48","slug":"laisa-aguiar","status":"publish","type":"product","link":"https:\/\/belabs.com.br\/?product=laisa-aguiar","title":{"rendered":"La\u00edsa Aguiar"},"content":{"rendered":"<p><strong>Administradora com enfoque em empreendedorismo, inova\u00e7\u00e3o e impacto. Minha experi\u00eancia abrange gest\u00e3o de projetos, desenvolvimento e facilita\u00e7\u00e3o de metodologias, e sou apaixonada por novos desafios que envolvam a cria\u00e7\u00e3o de solu\u00e7\u00f5es de impacto, resolu\u00e7\u00e3o de problemas e o desenvolvimento de compet\u00eancias inovadoras. Pesquisadora para Inova\u00e7\u00e3o e Startups no Centro de Compet\u00eancia EMBRAPII VIRTUS (VIRTUS-CC), credenciado em Hardware Inteligente para a Ind\u00fastria. Onde atuo em a\u00e7\u00f5es de atra\u00e7\u00e3o e cria\u00e7\u00e3o de startups.<\/strong><\/p>\n<p><a href=\"https:\/\/www.linkedin.com\/in\/la%C3%ADsa-aguiar\/\">https:\/\/www.linkedin.com\/in\/la%C3%ADsa-aguiar\/<\/a><\/p>\n","protected":false},"excerpt":{"rendered":"<p><strong>Especialidades:<\/strong> Capta\u00e7\u00e3o de recursos,\u00a0Constru\u00e7\u00e3o de metas e objetivos,\u00a0Habilidades empreendedora,\u00a0Pitch,\u00a0Planejamento estrat\u00e9gico,\u00a0Plano de neg\u00f3cio,\u00a0Valida\u00e7\u00e3o,MVP<br \/>\n<strong>Forma\u00e7\u00e3o:<\/strong> <span data-sheets-root=\"1\">P\u00f3s-gradua\u00e7\u00e3o\/ MBA<\/span><br \/>\n<strong>Horas de mentorias:<\/strong> +<span data-sheets-root=\"1\">1000 horas<\/span><\/p>\n","protected":false},"featured_media":614,"comment_status":"open","ping_status":"closed","template":"","meta":[],"product_brand":[],"product_cat":[19],"product_tag":[31,32,46,55,30,25,28,58],"class_list":{"0":"post-472","1":"product","2":"type-product","3":"status-publish","4":"has-post-thumbnail","6":"product_cat-loja","7":"product_tag-captacao-de-recursos","8":"product_tag-construcao-de-metas-e-objetivos","9":"product_tag-habilidades-empreendedora","10":"product_tag-mvp","11":"product_tag-pitch","12":"product_tag-planejamento-estrategico","13":"product_tag-plano-de-negocio","14":"product_tag-validacao","16":"first","17":"instock","18":"downloadable","19":"virtual","20":"purchasable","21":"product-type-simple"},"_links":{"self":[{"href":"https:\/\/belabs.com.br\/index.php?rest_route=\/wp\/v2\/product\/472","targetHints":{"allow":["GET"]}}],"collection":[{"href":"https:\/\/belabs.com.br\/index.php?rest_route=\/wp\/v2\/product"}],"about":[{"href":"https:\/\/belabs.com.br\/index.php?rest_route=\/wp\/v2\/types\/product"}],"replies":[{"embeddable":true,"href":"https:\/\/belabs.com.br\/index.php?rest_route=%2Fwp%2Fv2%2Fcomments&post=472"}],"wp:featuredmedia":[{"embeddable":true,"href":"https:\/\/belabs.com.br\/index.php?rest_route=\/wp\/v2\/media\/614"}],"wp:attachment":[{"href":"https:\/\/belabs.com.br\/index.php?rest_route=%2Fwp%2Fv2%2Fmedia&parent=472"}],"wp:term":[{"taxonomy":"product_brand","embeddable":true,"href":"https:\/\/belabs.com.br\/index.php?rest_route=%2Fwp%2Fv2%2Fproduct_brand&post=472"},{"taxonomy":"product_cat","embeddable":true,"href":"https:\/\/belabs.com.br\/index.php?rest_route=%2Fwp%2Fv2%2Fproduct_cat&post=472"},{"taxonomy":"product_tag","embeddable":true,"href":"https:\/\/belabs.com.br\/index.php?rest_route=%2Fwp%2Fv2%2Fproduct_tag&post=472"}],"curies":[{"name":"wp","href":"https:\/\/api.w.org\/{rel}","templated":true}]}}