{"id":474,"date":"2025-03-17T20:43:39","date_gmt":"2025-03-17T20:43:39","guid":{"rendered":"https:\/\/belabs.com.br\/?post_type=product&#038;p=474"},"modified":"2025-04-04T12:27:20","modified_gmt":"2025-04-04T12:27:20","slug":"camila-fonseca","status":"publish","type":"product","link":"https:\/\/belabs.com.br\/?product=camila-fonseca","title":{"rendered":"Camila Fonseca"},"content":{"rendered":"<p><span data-sheets-root=\"1\"><strong>Advogada civilista e empresarial com expertise em startups e neg\u00f3cios inovadores. Mentora e facilitadora jur\u00eddica da Be.labs. Mestranda em Propriedade Intelectual e transfer\u00eancia de tecnologia em inova\u00e7\u00e3o na UFPE\/PROFNIT. Jur\u00eddico interno da Even3. Consultora jur\u00eddica na MS Consultoria e Educa\u00e7\u00e3o. Consultora juridica em neg\u00f3cios de impacto social na RIS. Professora convidada no LLM de direito Digital da Cat\u00f3lica Business Schol; Professora de P\u00f3s gradua\u00e7\u00e3o.T\u00e9cnica em administra\u00e7\u00e3o pela FCAP-UPE<\/strong><br \/>\n<strong><a class=\"in-cell-link\" href=\"http:\/\/www.linkedin.com\/in\/cfcamilafonseca\" target=\"_blank\" rel=\"noopener\">www.linkedin.com\/in\/cfcamilafonseca<\/a><\/strong><br \/>\n<\/span><\/p>\n","protected":false},"excerpt":{"rendered":"<p><strong>Especialidades: Capta\u00e7\u00e3o de recursos,\u00a0Gest\u00e3o de Pessoas, Investimentos,\u00a0 Plano de neg\u00f3cio, Jur\u00eddico<\/strong><br \/>\n<strong>Forma\u00e7\u00e3o:\u00a0<\/strong><span data-sheets-root=\"1\">P\u00f3s-gradua\u00e7\u00e3o\/ MBA<\/span><br \/>\n<strong>Horas de mentorias:<\/strong> +<span data-sheets-root=\"1\">50<\/span><\/p>\n","protected":false},"featured_media":602,"comment_status":"open","ping_status":"closed","template":"","meta":[],"product_brand":[],"product_cat":[19],"product_tag":[31,29,48,51,28],"class_list":{"0":"post-474","1":"product","2":"type-product","3":"status-publish","4":"has-post-thumbnail","6":"product_cat-loja","7":"product_tag-captacao-de-recursos","8":"product_tag-gestao-de-pessoas","9":"product_tag-investimentos","10":"product_tag-juridico","11":"product_tag-plano-de-negocio","13":"first","14":"instock","15":"downloadable","16":"virtual","17":"purchasable","18":"product-type-simple"},"_links":{"self":[{"href":"https:\/\/belabs.com.br\/index.php?rest_route=\/wp\/v2\/product\/474","targetHints":{"allow":["GET"]}}],"collection":[{"href":"https:\/\/belabs.com.br\/index.php?rest_route=\/wp\/v2\/product"}],"about":[{"href":"https:\/\/belabs.com.br\/index.php?rest_route=\/wp\/v2\/types\/product"}],"replies":[{"embeddable":true,"href":"https:\/\/belabs.com.br\/index.php?rest_route=%2Fwp%2Fv2%2Fcomments&post=474"}],"wp:featuredmedia":[{"embeddable":true,"href":"https:\/\/belabs.com.br\/index.php?rest_route=\/wp\/v2\/media\/602"}],"wp:attachment":[{"href":"https:\/\/belabs.com.br\/index.php?rest_route=%2Fwp%2Fv2%2Fmedia&parent=474"}],"wp:term":[{"taxonomy":"product_brand","embeddable":true,"href":"https:\/\/belabs.com.br\/index.php?rest_route=%2Fwp%2Fv2%2Fproduct_brand&post=474"},{"taxonomy":"product_cat","embeddable":true,"href":"https:\/\/belabs.com.br\/index.php?rest_route=%2Fwp%2Fv2%2Fproduct_cat&post=474"},{"taxonomy":"product_tag","embeddable":true,"href":"https:\/\/belabs.com.br\/index.php?rest_route=%2Fwp%2Fv2%2Fproduct_tag&post=474"}],"curies":[{"name":"wp","href":"https:\/\/api.w.org\/{rel}","templated":true}]}}