{"id":475,"date":"2025-03-17T20:47:02","date_gmt":"2025-03-17T20:47:02","guid":{"rendered":"https:\/\/belabs.com.br\/?post_type=product&#038;p=475"},"modified":"2025-04-04T12:26:58","modified_gmt":"2025-04-04T12:26:58","slug":"carolina-abicair","status":"publish","type":"product","link":"https:\/\/belabs.com.br\/?product=carolina-abicair","title":{"rendered":"Carolina Abicair"},"content":{"rendered":"<p><strong>Ol\u00e1, sou Carol, tenho 41 anos e depois de 16 anos trabalhando em grandes empresas como gerente de finan\u00e7as e projetos iniciei uma transi\u00e7\u00e3o de carreira para me dedicar a \u00e1reas ligadas a pessoas. Aqui na Be.Labs uso minha experi\u00eancia corporativa, meus estudos em psicologia e minhas novas experi\u00eancias profissionais para mentorar empreendedoras nas \u00e1reas de gest\u00e3o de pessoas e autodesenvolvimento &#8211; mas posso dar tamb\u00e9m uma m\u00e3ozinha em finan\u00e7as!<br \/>\n<a href=\"https:\/\/www.linkedin.com\/in\/carolina-abicair\/\">https:\/\/www.linkedin.com\/in\/carolina-abicair\/<\/a><\/strong><\/p>\n","protected":false},"excerpt":{"rendered":"<p><strong>Especialidades: <\/strong>Finan\u00e7as, Gest\u00e3o de Pessoas, Autodesenvolvimento<br \/>\n<strong>Forma\u00e7\u00e3o:\u00a0<\/strong><span data-sheets-root=\"1\">Ensino Superior<\/span><br \/>\n<strong>Horas de mentorias:<\/strong> +<span data-sheets-root=\"1\">90<\/span><\/p>\n","protected":false},"featured_media":608,"comment_status":"open","ping_status":"closed","template":"","meta":[],"product_brand":[],"product_cat":[19],"product_tag":[47,26,29],"class_list":{"0":"post-475","1":"product","2":"type-product","3":"status-publish","4":"has-post-thumbnail","6":"product_cat-loja","7":"product_tag-autodesenvolvimento","8":"product_tag-financas","9":"product_tag-gestao-de-pessoas","11":"first","12":"instock","13":"downloadable","14":"virtual","15":"purchasable","16":"product-type-simple"},"_links":{"self":[{"href":"https:\/\/belabs.com.br\/index.php?rest_route=\/wp\/v2\/product\/475","targetHints":{"allow":["GET"]}}],"collection":[{"href":"https:\/\/belabs.com.br\/index.php?rest_route=\/wp\/v2\/product"}],"about":[{"href":"https:\/\/belabs.com.br\/index.php?rest_route=\/wp\/v2\/types\/product"}],"replies":[{"embeddable":true,"href":"https:\/\/belabs.com.br\/index.php?rest_route=%2Fwp%2Fv2%2Fcomments&post=475"}],"wp:featuredmedia":[{"embeddable":true,"href":"https:\/\/belabs.com.br\/index.php?rest_route=\/wp\/v2\/media\/608"}],"wp:attachment":[{"href":"https:\/\/belabs.com.br\/index.php?rest_route=%2Fwp%2Fv2%2Fmedia&parent=475"}],"wp:term":[{"taxonomy":"product_brand","embeddable":true,"href":"https:\/\/belabs.com.br\/index.php?rest_route=%2Fwp%2Fv2%2Fproduct_brand&post=475"},{"taxonomy":"product_cat","embeddable":true,"href":"https:\/\/belabs.com.br\/index.php?rest_route=%2Fwp%2Fv2%2Fproduct_cat&post=475"},{"taxonomy":"product_tag","embeddable":true,"href":"https:\/\/belabs.com.br\/index.php?rest_route=%2Fwp%2Fv2%2Fproduct_tag&post=475"}],"curies":[{"name":"wp","href":"https:\/\/api.w.org\/{rel}","templated":true}]}}