{"id":796,"date":"2025-03-31T14:08:07","date_gmt":"2025-03-31T14:08:07","guid":{"rendered":"https:\/\/belabs.com.br\/?post_type=product&#038;p=796"},"modified":"2025-03-31T14:38:41","modified_gmt":"2025-03-31T14:38:41","slug":"christian-fujiy","status":"publish","type":"product","link":"https:\/\/belabs.com.br\/?product=christian-fujiy","title":{"rendered":"Christian Fujiy"},"content":{"rendered":"<p class=\"\" data-start=\"0\" data-end=\"202\"><span class=\"relative -mx-px my-[-0.2rem] rounded px-px py-[0.2rem]\">Christian Yukio Fujiy \u00e9 um profissional de gest\u00e3o empresarial com larga experi\u00eancia internacional.<\/span> Engenheiro de forma\u00e7\u00e3o atuou em v\u00e1rias multinacionais na \u00e1rea de infraestrutura energ\u00e9tica, tecbnologia e comportamento dos clientes. Co-fundador <span class=\"relative -mx-px my-[-0.2rem] rounded px-px py-[0.2rem]\">da Be.Labs Aceleradora, uma empresa especializada em acelera\u00e7\u00e3o de neg\u00f3cios liderados por mulheres. Atuou por v\u00e1rios anos como mentor da Warwick Business School em Londres. <\/span><span class=\"relative -mx-px my-[-0.2rem] rounded px-px py-[0.2rem]\">Com uma forma\u00e7\u00e3o acad\u00eamica s\u00f3lida, Christian tamb\u00e9m possui viv\u00eancia e experi\u00eancia no exterior, o que enriquece sua perspectiva local e global nos neg\u00f3cios.<\/span>\u200b<\/p>\n<p class=\"\" data-start=\"243\" data-end=\"324\"><span class=\"relative -mx-px my-[-0.2rem] rounded px-px py-[0.2rem]\">Para mais informa\u00e7\u00f5es sobre sua trajet\u00f3ria profissional, acesse meu perfil no LinkedIn:<\/span>\u200b<\/p>\n<p class=\"\" data-start=\"326\" data-end=\"407\"><span class=\"relative -mx-px my-[-0.2rem] rounded px-px py-[0.2rem]\"><a href=\"https:\/\/br.linkedin.com\/in\/christianfujiy\" target=\"_new\" rel=\"noopener noreferrer\" data-start=\"0\" data-end=\"77\" data-is-last-node=\"\" data-is-only-node=\"\">Christian Yukio Fujiy &#8211; LinkedIn<\/a><\/span>\u200b<span class=\"ml-1 inline-flex max-w-full items-center relative top-[-0.094rem]\"><a class=\"flex h-6 overflow-hidden rounded-xl px-2.5 text-[0.5625em] font-medium !bg-[#F4F4F4] !text-token-text-secondary dark:!bg-[#303030]\" href=\"https:\/\/br.linkedin.com\/in\/christianfujiy?utm_source=chatgpt.com\" target=\"_blank\" rel=\"noopener\"><span class=\"relative bottom-0 left-0 flex h-full w-full items-center\"><span class=\"flex h-4 w-full items-center justify-between overflow-hidden\"><span class=\"max-w-full grow overflow-hidden truncate text-center\">LinkedIn<\/span><\/span><\/span><\/a><\/span><\/p>\n","protected":false},"excerpt":{"rendered":"<p><strong>Especialidades<\/strong>: Capta\u00e7\u00e3o de recursos, Constru\u00e7\u00e3o de metas e objetivos, Habilidades empreendedora, Pitch, Planejamento estrat\u00e9gico, Plano de neg\u00f3cio, Valida\u00e7\u00e3o, MVP. Comportamento do cliente, Intelig\u00eancia Artificial, Neg\u00f3cios Internacionais.<br \/>\n<strong>Forma\u00e7\u00e3o<\/strong>: Engenharia El\u00e9trica (UNIFEI), P\u00f3s Gradua\u00e7\u00e3o em Administra\u00e7\u00e3o Industrial (USP), MBA Executivo (Warwick Business School)<br \/>\n<strong>Horas de Mentoria<\/strong>: +200<\/p>\n<p>&nbsp;<\/p>\n","protected":false},"featured_media":797,"comment_status":"open","ping_status":"closed","template":"","meta":[],"product_brand":[],"product_cat":[19],"product_tag":[],"class_list":{"0":"post-796","1":"product","2":"type-product","3":"status-publish","4":"has-post-thumbnail","6":"product_cat-loja","8":"first","9":"instock","10":"downloadable","11":"virtual","12":"purchasable","13":"product-type-simple"},"_links":{"self":[{"href":"https:\/\/belabs.com.br\/index.php?rest_route=\/wp\/v2\/product\/796","targetHints":{"allow":["GET"]}}],"collection":[{"href":"https:\/\/belabs.com.br\/index.php?rest_route=\/wp\/v2\/product"}],"about":[{"href":"https:\/\/belabs.com.br\/index.php?rest_route=\/wp\/v2\/types\/product"}],"replies":[{"embeddable":true,"href":"https:\/\/belabs.com.br\/index.php?rest_route=%2Fwp%2Fv2%2Fcomments&post=796"}],"wp:featuredmedia":[{"embeddable":true,"href":"https:\/\/belabs.com.br\/index.php?rest_route=\/wp\/v2\/media\/797"}],"wp:attachment":[{"href":"https:\/\/belabs.com.br\/index.php?rest_route=%2Fwp%2Fv2%2Fmedia&parent=796"}],"wp:term":[{"taxonomy":"product_brand","embeddable":true,"href":"https:\/\/belabs.com.br\/index.php?rest_route=%2Fwp%2Fv2%2Fproduct_brand&post=796"},{"taxonomy":"product_cat","embeddable":true,"href":"https:\/\/belabs.com.br\/index.php?rest_route=%2Fwp%2Fv2%2Fproduct_cat&post=796"},{"taxonomy":"product_tag","embeddable":true,"href":"https:\/\/belabs.com.br\/index.php?rest_route=%2Fwp%2Fv2%2Fproduct_tag&post=796"}],"curies":[{"name":"wp","href":"https:\/\/api.w.org\/{rel}","templated":true}]}}