{"id":814,"date":"2025-04-01T17:32:07","date_gmt":"2025-04-01T17:32:07","guid":{"rendered":"https:\/\/belabs.com.br\/?post_type=product&#038;p=814"},"modified":"2026-04-24T00:09:33","modified_gmt":"2026-04-24T00:09:33","slug":"marcela-fujiy","status":"publish","type":"product","link":"https:\/\/belabs.com.br\/?product=marcela-fujiy","title":{"rendered":"Marcela Fujiy"},"content":{"rendered":"<p>Marcela Fujiy \u00e9 uma empreendedora e gestora de projetos com mais de 20 anos de experi\u00eancia internacional, apaixonada por iniciativas que promovem o empoderamento feminino. Fundadora da Be.Labs, a primeira aceleradora do Brasil dedicada exclusivamente a apoiar mulheres empreendedoras, concentra seus esfor\u00e7os em regi\u00f5es sub-representadas, como o Norte, Nordeste e Centro-Oeste do pa\u00eds (Novo-Eixo), que j\u00e1 impactou at\u00e9 o momento mais de 3.500 neg\u00f3cios liderados por mulheres. Segue determinada a ampliar esse n\u00famero.<\/p>\n<p>Sua trajet\u00f3ria profissional \u00e9 diversa e inclui passagens por multinacionais na Su\u00e9cia e no Brasil, onde adquiriu uma vasta experi\u00eancia em gest\u00e3o de projetos e desenvolvimento de parcerias estrat\u00e9gicas. Com forma\u00e7\u00e3o em direito e especializa\u00e7\u00e3o em gest\u00e3o de projetos, sempre buscou conciliar sua carreira com a miss\u00e3o de causar mudan\u00e7as sociais. Foi com essa motiva\u00e7\u00e3o que criou o &#8220;Efeito Furac\u00e3o&#8221;, m\u00e9todo que promove a sororidade e o apoio m\u00fatuo entre mulheres, al\u00e9m de promover equidade de g\u00eanero e inova\u00e7\u00e3o social.<\/p>\n<p>Atualmente tamb\u00e9m est\u00e1 \u00e0 frente do Instituto Be.Labs (IBL), uma organiza\u00e7\u00e3o sem fins lucrativos que busca ampliar o impacto do seu trabalho, especialmente por meio do empreendedorismo e da inova\u00e7\u00e3o. Fluente em portugu\u00eas, ingl\u00eas, espanhol e sueco, permitindo trazer uma perspectiva global para os projetos que lidera. Acredita que a transforma\u00e7\u00e3o social e econ\u00f4mica do Brasil passa pelo protagonismo feminino, e \u00e9 isso que guia sua trajet\u00f3ria. Al\u00e9m do trabalho com a Be.Labs, teve a oportunidade de liderar franquias e atuar em conselhos corporativos, experi\u00eancias que enriqueceram sua vis\u00e3o sobre empreendedorismo e gest\u00e3o.<\/p>\n","protected":false},"excerpt":{"rendered":"<p><strong>Especialidades:<\/strong> Constru\u00e7\u00e3o de metas e objetivos, Habilidades empreendedora, Pitch, Planejamento estrat\u00e9gico, Plano de neg\u00f3cio, Empatia, Franquias, Gerenciamento de Pessoas<br \/>\n<strong>Forma\u00e7\u00e3o:<\/strong>\u00a0<span data-sheets-root=\"1\">P\u00f3s-gradua\u00e7\u00e3o<\/span><br \/>\n<strong>Horas de mentorias:<\/strong> +2<span data-sheets-root=\"1\">00 horas<\/span><\/p>\n","protected":false},"featured_media":816,"comment_status":"open","ping_status":"closed","template":"","meta":[],"product_brand":[],"product_cat":[19],"product_tag":[],"class_list":{"0":"post-814","1":"product","2":"type-product","3":"status-publish","4":"has-post-thumbnail","6":"product_cat-loja","8":"first","9":"instock","10":"downloadable","11":"virtual","12":"purchasable","13":"product-type-simple"},"_links":{"self":[{"href":"https:\/\/belabs.com.br\/index.php?rest_route=\/wp\/v2\/product\/814","targetHints":{"allow":["GET"]}}],"collection":[{"href":"https:\/\/belabs.com.br\/index.php?rest_route=\/wp\/v2\/product"}],"about":[{"href":"https:\/\/belabs.com.br\/index.php?rest_route=\/wp\/v2\/types\/product"}],"replies":[{"embeddable":true,"href":"https:\/\/belabs.com.br\/index.php?rest_route=%2Fwp%2Fv2%2Fcomments&post=814"}],"wp:featuredmedia":[{"embeddable":true,"href":"https:\/\/belabs.com.br\/index.php?rest_route=\/wp\/v2\/media\/816"}],"wp:attachment":[{"href":"https:\/\/belabs.com.br\/index.php?rest_route=%2Fwp%2Fv2%2Fmedia&parent=814"}],"wp:term":[{"taxonomy":"product_brand","embeddable":true,"href":"https:\/\/belabs.com.br\/index.php?rest_route=%2Fwp%2Fv2%2Fproduct_brand&post=814"},{"taxonomy":"product_cat","embeddable":true,"href":"https:\/\/belabs.com.br\/index.php?rest_route=%2Fwp%2Fv2%2Fproduct_cat&post=814"},{"taxonomy":"product_tag","embeddable":true,"href":"https:\/\/belabs.com.br\/index.php?rest_route=%2Fwp%2Fv2%2Fproduct_tag&post=814"}],"curies":[{"name":"wp","href":"https:\/\/api.w.org\/{rel}","templated":true}]}}